{"id":11533,"date":"2016-11-29T15:47:20","date_gmt":"2016-11-29T15:47:20","guid":{"rendered":"http:\/\/www.o\u00f1atiturismo.eus\/politica-de-cookies\/"},"modified":"2020-11-02T11:17:33","modified_gmt":"2020-11-02T11:17:33","slug":"cookie-politika","status":"publish","type":"page","link":"https:\/\/xn--oatiturismo-1db.eus\/ca\/cookie-politika\/","title":{"rendered":"Pol\u00edtica de Galetes"},"content":{"rendered":"<p><\/p>\n<h1><span style=\"color: #ff4d58;\">Av\u00eds legal<\/span><\/h1>\n<h3>Titularitat de la p\u00e0gina web<\/h3>\n<p><strong>Domini<\/strong>:\u00a0<a class=\"external-link\" title=\"\" href=\"http:\/\/www.xn--oatiturismo-1db.eus\/\">www.o\u00f1atiturismo.eus<\/a><br \/>\n<strong>Titular<\/strong>: O\u00f1atiko Udala<br \/>\n<strong>Direcci\u00f3<\/strong>: Foruen Enparantza, 1<br \/>\n<strong>Tel\u00e8fon<\/strong>: 943 78 04 11<br \/>\n<strong>CIF<\/strong>: P 2006300D<\/p>\n<h1><span style=\"color: #ff4d58;\">Pol\u00edtica de Galetes<\/span><\/h1>\n<p style=\"padding-top: 30px;\">En compliment de all\u00f2 establert a l\u2019article 22.2 de la Llei de Serveis de Societat de la Informaci\u00f3 (LSSI) y en adequaci\u00f3 amb la Directiva Europea 2009\/136\/CE, O\u00d1ATIKO UDALA l\u2019informa i vost\u00e8 d\u00f3na consentiment per la utilitzaci\u00f3 de galetes al nostre portal, b\u00e9 per l\u2019acceptaci\u00f3 expressa a l\u2019av\u00eds, b\u00e9 per continuar la navegaci\u00f3.<\/p>\n<h3>Definici\u00f3<\/h3>\n<p>Una galeta \u00e9s un arxius, que s\u2019emmagatzema al vostre ordinador quan accedeix a determinats webs. Les galetes permeten a un lloc web, entre d\u2019altres, emmagatzemar i recuperar informaci\u00f3 sobre els h\u00e0bits de navegaci\u00f3 d\u2019un usuari o del seu equip i, depenent de la informaci\u00f3 que contingui i de la forma que utilitzi l\u2019equip, pot utilitzar-se per recon\u00e8ixer l\u2019usuari.<\/p>\n<h3>Tipus de galetes<\/h3>\n<h4>Segons l\u2019entitat que les gestioni:<\/h4>\n<ul>\n<li><b>Galetes pr\u00f2pies:<\/b> aquelles que s\u2019envien a l\u2019equip terminal de l\u2019usuari des d\u2019un equip gestionat pel propi editor i des del que es presta el servei sol\u2022licitat per l\u2019usuari.<\/li>\n<li><b>Galetes de tercers:<\/b> aquelles que s\u2019envien a l\u2019equip terminal de l\u2019usuari des d\u2019un equip que no est\u00e0 gestionat pel propi editor, sin\u00f3 per una altra entitat que tracta les dades obtingudes mitjan\u00e7ant les galetes.<\/li>\n<\/ul>\n<h4>Segons el temps que romanen actives:<\/h4>\n<ul>\n<li><b>Galetes de sessi\u00f3:<\/b> s\u00f3n un tipus de galetes dissenyades per recollir i emmagatzemar dades mentre l\u2019usuari accedeix a un lloc web.<\/li>\n<li><b>Galetes persistents:<\/b> s\u00f3n un tipus de galetes en el que les dades segueixen emmagatzemades en el dispositiu de l\u2019usuari i poden ser accedides i tractades durant un per\u00edode definit pel responsable de la galetA.<\/li>\n<\/ul>\n<h4>Segons la seva finalitat:<\/h4>\n<ul>\n<li><b>Galetes t\u00e8cniques:<\/b> s\u00f3n aquelles que permeten a l\u2019usuari la navegaci\u00f3 per un lloc web, plataforma o aplicaci\u00f3 i la utilitzaci\u00f3 de les diferents opcions o serveis que en ell existeixin. Per exemple, controlar el tr\u00e0fic i la comunicaci\u00f3 de dades, identificar la sessi\u00f3, accedir a parts d\u2019acc\u00e9s restringit, recordar els elements que integren una comanda, realitzar el proc\u00e9s de compra d\u2019una comanda, realitzar la sol\u2022licitud d\u2019inscripci\u00f3 o participaci\u00f3 en un esdeveniment, utilitzar elements de seguretat durant la navegaci\u00f3, emmagatzemar continguts per a la difusi\u00f3 d\u2019imatges o so o compartir continguts mitjan\u00e7ant les xarxes socials.<\/li>\n<li><b>Galetes de personalitzaci\u00f3:<\/b> s\u00f3n aquelles que permeten a l\u2019usuari accedir al servei amb algunes caracter\u00edstiques de car\u00e0cter general predefinides al seu terminal o que mateix usuari defineix. Per exemple l\u2019idioma, el tipus de navegador que fa servir per accedir al servei, la configuraci\u00f3 regional des d\u2019on accedeix al servei, etc.<\/li>\n<li><b>Galetes d\u2019an\u00e0lisi:<\/b> s\u00f3n aquelles que permeten al responsable de les mateixes, el seguiment i an\u00e0lisi del comportament dels usuaris en el lloc web. La informaci\u00f3 recollida mitjan\u00e7ant aquest tipus de galetes s\u2019utilitza en el mesurament de l\u2019activitat del lloc web, aplicaci\u00f3 o plataforma i per a l\u2019elaboraci\u00f3 de perfils de navegaci\u00f3 dels usuaris per aquest lloc web, amb la finalitat d\u2019introduir millores en el servei en funci\u00f3 de l\u2019an\u00e0lisi de les dades d\u2019\u00fas que fan els usuaris.<\/li>\n<li><b>Galetes publicit\u00e0ries:<\/b> s\u00f3n aquelles que permeten la gesti\u00f3, de la forma m\u00e9s efica\u00e7 possible, dels espais publicitaris inclosos en el lloc web o aplicaci\u00f3 des del qual presta el servei sobre la base de criteris com el contingut editat o la freq\u00fc\u00e8ncia en la qual es mostren els anuncis.<\/li>\n<li><b>Galetes de publicitat comportamental:<\/b> s\u00f3n aquelles que permeten la gesti\u00f3, de la forma m\u00e9s efica\u00e7 possible, dels espais publicitaris inclosos en el lloc web o aplicaci\u00f3 des del qual presta el servei. Aquestes galetes emmagatzemen informaci\u00f3 del comportament dels usuaris obtinguda per l\u2019observaci\u00f3, la qual cosa permet desenvolupar un perfil espec\u00edfic per mostrar publicitat en funci\u00f3 d\u2019aquest.<\/li>\n<\/ul>\n<h3>Galetes usades en el nostre lloc web<\/h3>\n<h4>Galetes de WordPress<\/h4>\n<ul>\n<li><b>wordpress_test_cookie, cookie_notice_accepted:<\/b> galeta t\u00e8cnica i necess\u00e0ria que guarda informaci\u00f3 sobre l\u2019acceptaci\u00f3 o consentiment de l\u2019\u00fas de galetes d\u2019acord amb la selecci\u00f3 que realitza de manera que no se li torni a mostrar cada vegada que accedeix a la p\u00e0gina web. La durada \u00e9s d\u20191 setmana.<\/li>\n<li><b>wp-settings-time-, wp-settings-:<\/b> aquestes galetes s\u00f3n utilitzades per WordPress per personalitzar la interf\u00edcie d\u2019usuari. La durada \u00e9s d\u20191 any.<\/li>\n<li><b>wordpress_logged_in_:<\/b> despr\u00e9s de l\u2019loggin, WordPress activa la galeta wordpress_logged_in_, la funci\u00f3 \u00e9s indicar quan s\u2019ha connectat i qui \u00e9s, sent utilitzat per la interf\u00edcie de WordPress. La durada \u00e9s per sessi\u00f3.<\/li>\n<\/ul>\n<h4>Google Analytics<\/h4>\n<p>Google Analytics \u00e9s un servei anal\u00edtic de web prestat per Google, Inc., una companyia de Delaware l\u2019oficina principal a 1600 Amphitheatre Parkway, Mountain View (Calif\u00f2rnia), CA 94043, Estats Units ( \u00abGoogle\u00bb). Google Analytics utilitza \u201cgaletes\u201d, que s\u00f3n arxius de text ubicats al seu ordinador, per ajudar a el lloc web a analitzar l\u2019\u00fas que fan els usuaris del lloc web. La informaci\u00f3 que genera la galeta sobre el seu \u00fas del lloc web (incloent la seva adre\u00e7a IP) ser\u00e0 directament transmesa i arxivada per Google en els servidors d\u2019Estats Units. Google utilitzar\u00e0 aquesta informaci\u00f3 per compte nostre amb el prop\u00f2sit de seguir la pista del seu \u00fas del lloc web, recopilant informes de l\u2019activitat del lloc web i prestant altres serveis relacionats amb l\u2019activitat del lloc web i l\u2019\u00fas d\u2019Internet. Google podr\u00e0 transmetre aquesta informaci\u00f3 a tercers quan aix\u00ed li ho requereixi la legislaci\u00f3, o quan aquests tercers processin la informaci\u00f3 per compte de Google. Google no associar\u00e0 la seva adre\u00e7a IP amb cap altra dada de qu\u00e8 disposi Google. Vost\u00e8 pot rebutjar el tractament de les dades o la informaci\u00f3 rebutjant l\u2019\u00fas de galetes mitjan\u00e7ant la selecci\u00f3 de la configuraci\u00f3 apropiada del seu navegador, per\u00f2, ha de saber que si ho fa pot ser que no pugui usar la plena funcionalitat d\u2019aquest lloc web.<\/p>\n<ul>\n<li><b>__utma:<\/b> aquesta galeta s\u2019utilitza per distingir usuaris i sessions. Es crea quan s\u2019executa la biblioteca JavaScript i no hi ha cap galeta __utma. La galeta s\u2019actualitza cada vegada que s\u2019envien dades a Google Analytics. \u00c9s una galeta de tipus persistent i t\u00e9 un termini de caducitat de dos anys a partir de la configuraci\u00f3 o actualitzaci\u00f3.<\/li>\n<li><b>_ga:<\/b> aquesta galeta s\u2019utilitza per a distingir als usuaris. \u00c9s una galeta de tipus persistent i t\u00e9 un termini de caducitat de dos anys.<\/li>\n<li><b>_gid:<\/b> Google Analytics utilitza igualment aquesta galeta per a distingir als usuaris. T\u00e9 una durada de 24 hores.<\/li>\n<p>Aquestes galetes s\u2019utilitzen per recollir informaci\u00f3 sobre com fan servir aquestes p\u00e0gines web els nostres visitants. Tota la informaci\u00f3 \u00e9s recollida de forma an\u00f2nima i pot incloure dades com el navegador que utilitzeu, nombre de p\u00e0gines vistes. Aquesta informaci\u00f3 ens ajuda a millorar aquest web i la seva experi\u00e8ncia a l\u2019visitar-nos.<br \/>\nPer a m\u00e9s informaci\u00f3 sobre aquest tipus de galetes pot consultar els seg\u00fcents enlla\u00e7os: <a href=\"https:\/\/www.google.es\/intl\/es\/policies\/technologies\/types\/\" target=\"_blank\" rel=\"noopener noreferrer\">https:\/\/www.google.es\/intl\/es\/policies\/technologies\/types\/<\/a> i <a href=\"https:\/\/developers.google.com\/analytics\/devguides\/collection\/analyticsjs\/cookie-usage\" target=\"_blank\" rel=\"noopener noreferrer\">https:\/\/developers.google.com\/analytics\/devguides\/collection\/analyticsjs\/cookie-usage<\/a>.\n<\/ul>\n<h3>Configuraci\u00f3 de les galetes<\/h3>\n<p>Es pot configurar el navegador per acceptar o bloquejar les galetes o configurar-ho perqu\u00e8 s\u2019esborrin autom\u00e0ticament quan es tanqui el navegador, equip o dispositiu.<\/p>\n<p>La configuraci\u00f3 de les galetes als navegadors principals es realitza de la seg\u00fcent forma:<\/p>\n<ul>\n<li>Google Chrome &gt; Configuraci\u00f3 &gt; Mostra la configuraci\u00f3 avan\u00e7ada &gt; Privadesa &gt; Configuraci\u00f3 del contingut &gt; galetes.<\/li>\n<li>Firefox &gt; Eines &gt; Opcions &gt; Privadesa &gt; Historial &gt; Configuraci\u00f3 personalitzada.<\/li>\n<li>Internet Explorer &gt; Eines &gt; Opcions d\u2019Internet &gt; Privadesa &gt; Avan\u00e7ats.<\/li>\n<li><a name=\"_GoBack\"><\/a>Safari &gt; Prefer\u00e8ncies &gt; Privadesa.<\/li>\n<\/ul>\n<p>A m\u00e9s s\u2019ha de tenir en compte que si es comparteix continguts del lloc web amb amics per xarxes socials com Facebook i Twitter, \u00e9s possible que es rebin galetes d\u2019aquests llocs web. No podem controlar la configuraci\u00f3 de galetes de tercers, per aix\u00f2 li suggerim que comprovi els llocs webs tercers per obtenir m\u00e9s informaci\u00f3 sobre les seves galetes i com gestionar-les<\/p>\n<h3>Canvis o actualitzacions en les pol\u00edtiques relacionades galetes<\/h3>\n<p>O\u00d1ATIKO UDALA pot modificar aquesta Pol\u00edtica de Cookies en funci\u00f3 d\u2019exig\u00e8ncies legislatives, reglament\u00e0ries, o amb la finalitat d\u2019adaptar la pol\u00edtica a les instruccions dictades per l\u2019Agencia Espanyola de Protecci\u00f3 de Dades, per aix\u00f2 aconsellem als usuaris que la visitin peri\u00f2dicament.<\/p>\n<p>Qualsevol canvi significatiu d\u2019aquesta pol\u00edtica ser\u00e0 comunicat als usuaris mitjan\u00e7ant el web.<\/p>","protected":false},"excerpt":{"rendered":"<p>Av\u00eds legal Titularitat de la p\u00e0gina web Domini:\u00a0www.o\u00f1atiturismo.eus Titular: O\u00f1atiko Udala Direcci\u00f3: Foruen Enparantza, 1 Tel\u00e8fon: 943 78 04 11 CIF: P 2006300D Pol\u00edtica de Galetes En compliment de all\u00f2 establert a l\u2019article 22.2 de la Llei de Serveis de Societat de la Informaci\u00f3 (LSSI) y en adequaci\u00f3 amb la Directiva Europea 2009\/136\/CE, O\u00d1ATIKO UDALA [&hellip;]<\/p>\n","protected":false},"author":1,"featured_media":0,"parent":0,"menu_order":0,"comment_status":"closed","ping_status":"closed","template":"page-templates\/full_width_no_title.php","meta":{"url":"","client":"","location":"","start_date":"","end_date":"","footnotes":""},"class_list":["post-11533","page","type-page","status-publish","hentry"],"_links":{"self":[{"href":"https:\/\/xn--oatiturismo-1db.eus\/ca\/wp-json\/wp\/v2\/pages\/11533","targetHints":{"allow":["GET"]}}],"collection":[{"href":"https:\/\/xn--oatiturismo-1db.eus\/ca\/wp-json\/wp\/v2\/pages"}],"about":[{"href":"https:\/\/xn--oatiturismo-1db.eus\/ca\/wp-json\/wp\/v2\/types\/page"}],"author":[{"embeddable":true,"href":"https:\/\/xn--oatiturismo-1db.eus\/ca\/wp-json\/wp\/v2\/users\/1"}],"replies":[{"embeddable":true,"href":"https:\/\/xn--oatiturismo-1db.eus\/ca\/wp-json\/wp\/v2\/comments?post=11533"}],"version-history":[{"count":32,"href":"https:\/\/xn--oatiturismo-1db.eus\/ca\/wp-json\/wp\/v2\/pages\/11533\/revisions"}],"predecessor-version":[{"id":12503,"href":"https:\/\/xn--oatiturismo-1db.eus\/ca\/wp-json\/wp\/v2\/pages\/11533\/revisions\/12503"}],"wp:attachment":[{"href":"https:\/\/xn--oatiturismo-1db.eus\/ca\/wp-json\/wp\/v2\/media?parent=11533"}],"curies":[{"name":"wp","href":"https:\/\/api.w.org\/{rel}","templated":true}]}}