{"id":11533,"date":"2016-11-29T15:47:20","date_gmt":"2016-11-29T15:47:20","guid":{"rendered":"http:\/\/www.o\u00f1atiturismo.eus\/politica-de-cookies\/"},"modified":"2020-11-02T11:17:33","modified_gmt":"2020-11-02T11:17:33","slug":"cookie-politika","status":"publish","type":"page","link":"https:\/\/xn--oatiturismo-1db.eus\/es\/cookie-politika\/","title":{"rendered":"Pol\u00edtica de cookies"},"content":{"rendered":"<p><\/p>\n<h1><span style=\"color: #ff4d58;\">Aviso legal<\/span><\/h1>\n<h3>Titularidad de la p\u00e1gina web<\/h3>\n<p><strong>Dominio<\/strong>:\u00a0<a class=\"external-link\" title=\"\" href=\"http:\/\/www.xn--oatiturismo-1db.eus\/\">www.o\u00f1atiturismo.eus<\/a><br \/>\n<strong>Titular<\/strong>: O\u00f1atiko Udala<br \/>\n<strong>Direcci\u00f3n<\/strong>: Foruen Enparantza, 1<br \/>\n<strong>Tel\u00e9fono<\/strong>: 943 78 04 11<br \/>\n<strong>CIF<\/strong>: P 2006300D<\/p>\n<h1><span style=\"color: #ff4d58;\">Pol\u00edtica de Cookies<\/span><\/h1>\n<p style=\"padding-top: 30px;\">En cumplimiento con lo establecido en el art\u00edculo 22.2 de la Ley de Servicios de la Sociedad de la Informaci\u00f3n y del Comercio Electr\u00f3nico (LSSI) y en adecuaci\u00f3n con la Directiva Europea 2009\/136\/CE, O\u00d1ATIKO UDALA. Le informa y usted presta su consentimiento para la utilizaci\u00f3n de cookies en nuestro portal, ya sea mediante la aceptaci\u00f3n expresa realizada en el aviso o por la mera navegaci\u00f3n.<\/p>\n<h3>Definici\u00f3n<\/h3>\n<p>Una \u201cCookie\u201d es un fichero que se descarga en su ordenador al acceder a determinadas p\u00e1ginas web. Las cookies permiten a una p\u00e1gina web, entre otras cosas, almacenar y recuperar informaci\u00f3n sobre los h\u00e1bitos de navegaci\u00f3n de un usuario o de su equipo y, dependiendo de la informaci\u00f3n que contengan y de la forma en que utilice su equipo, pueden utilizarse para reconocer al usuario.<\/p>\n<h3>Tipolog\u00eda de cookies<\/h3>\n<h4>Seg\u00fan la entidad que las gestione:<\/h4>\n<ul>\n<li><b>Cookies propias:<\/b> son aqu\u00e9llas que se env\u00edan al equipo terminal del usuario desde un equipo gestionado por el propio editor y desde el que se presta el servicio solicitado por el usuario.<\/li>\n<li><b>Cookies de tercero:<\/b> son aqu\u00e9llas que se env\u00edan al equipo terminal del usuario desde un equipo que no es gestionado por el editor, sino por otra entidad que trata los datos obtenidos a trav\u00e9s de las cookies.<\/li>\n<\/ul>\n<h4>Seg\u00fan el plazo de tiempo que permanecen activadas:<\/h4>\n<ul>\n<li><b>Cookies de sesi\u00f3n:<\/b> son un tipo de cookies dise\u00f1adas para recabar y almacenar datos mientras el usuario accede a una p\u00e1gina web.<\/li>\n<li><b>Cookies persistentes:<\/b> son un tipo de cookies en el que los datos siguen almacenados en el terminal y pueden ser accedidos y tratados durante un periodo definido por el responsable de la cookie.<\/li>\n<\/ul>\n<h4>Seg\u00fan su finalidad:<\/h4>\n<ul>\n<li><b>Cookies t\u00e9cnicas:<\/b> son aqu\u00e9llas que permiten al usuario la navegaci\u00f3n a trav\u00e9s de la p\u00e1gina web, plataforma o aplicaci\u00f3n y la utilizaci\u00f3n de las diferentes opciones o servicios que en ella existen. Por ejemplo, controlar el tr\u00e1fico y la comunicaci\u00f3n de datos, identificar la sesi\u00f3n, acceder a partes de acceso restringido, recordar los elementos que integran un pedido, realizar la solicitud de inscripci\u00f3n o participaci\u00f3n en un evento, utilizar elementos de seguridad durante la navegaci\u00f3n, almacenar contenidos para la difusi\u00f3n de videos o sonido o compartir contenidos a trav\u00e9s de redes sociales.<\/li>\n<li><b>Cookies de personalizaci\u00f3n:<\/b> son aqu\u00e9llas que permiten al usuario acceder al servicio con algunas caracter\u00edsticas de car\u00e1cter general predefinidas en su terminal o que el propio usuario defina. Por ejemplo, el idioma, el tipo de navegador a trav\u00e9s del cual accede al servicio, el dise\u00f1o de contenidos seleccionado, geolocalizaci\u00f3n del terminal y la configuraci\u00f3n regional desde donde se accede al servicio, etc.<\/li>\n<li><b>Cookies de an\u00e1lisis:<\/b> son aqu\u00e9llas que permiten realizar el seguimiento y an\u00e1lisis del comportamiento de los usuarios en los sitios web. La informaci\u00f3n recogida mediante este tipo de \u2018cookies\u2019 se utiliza en la medici\u00f3n de la actividad de los sitios web, aplicaci\u00f3n o plataforma y para la elaboraci\u00f3n de perfiles de navegaci\u00f3n de los usuarios de dichos sitios, con el fin de introducir mejoras en el servicio en funci\u00f3n de los datos de uso que hacen los usuarios.<\/li>\n<li><b>Cookies publicitarias:<\/b> son aqu\u00e9llas que permiten la gesti\u00f3n eficaz de los espacios publicitarios que se han incluido en la p\u00e1gina web o aplicaci\u00f3n desde la que se presta el servicio en base a criterios como el contenido editado o la frecuencia en la que se muestran los anuncios.<\/li>\n<li><b>Cookies de publicidad comportamental:<\/b> son aquellas que permiten la gesti\u00f3n eficaz de los espacios publicitarios que se han incluido en la p\u00e1gina web o aplicaci\u00f3n desde la que se presta el servicio. Estas cookies almacenan informaci\u00f3n del comportamiento de los usuarios a trav\u00e9s de la observaci\u00f3n permitiendo posteriormente desarrollar un perfil espec\u00edfico para mostrar publicidad en funci\u00f3n del mismo.<\/li>\n<\/ul>\n<h3>Cookies usadas en nuestro sitio web<\/h3>\n<h4>Cookies de WordPress<\/h4>\n<ul>\n<li><b>wordpress_test_cookie, cookie_notice_accepted:<\/b> cookie t\u00e9cnica y necesaria que guarda informaci\u00f3n sobre la aceptaci\u00f3n o consentimiento del uso de cookies de acuerdo con la selecci\u00f3n que realiza de forma que no se le vuelva a mostrar cada vez que accede al sitio web. La duraci\u00f3n es de 1 semana.<\/li>\n<li><b>wp-settings-time-, wp-settings-:<\/b> estas cookies son utilizadas por WordPress para personalizar la Interfaz de Usuario. La duraci\u00f3n es de 1 a\u00f1o.<\/li>\n<li><b>wordpress_logged_in_:<\/b> despu\u00e9s del loggin, WordPress activa la cookie wordpress_logged_in_, cuya funci\u00f3n es indicar cuando se ha conectado y qui\u00e9n es, siendo utilizado por la interfaz de WordPress. La duraci\u00f3n es por sesi\u00f3n.<\/li>\n<\/ul>\n<h4>Google Analytics<\/h4>\n<p>Google Analytics es un servicio anal\u00edtico de web prestado por Google, Inc., una compa\u00f1\u00eda de Delaware cuya oficina principal est\u00e1 en 1600 Amphitheatre Parkway, Mountain View (California), CA 94043, Estados Unidos (\u00abGoogle\u00bb). Google Analytics utiliza \u00abcookies\u00bb, que son archivos de texto ubicados en su ordenador, para ayudar al sitio web a analizar el uso que hacen los usuarios del sitio web. La informaci\u00f3n que genera la cookie acerca de su uso del sitio web (incluyendo su direcci\u00f3n IP) ser\u00e1 directamente transmitida y archivada por Google en los servidores de Estados Unidos. Google usar\u00e1 esta informaci\u00f3n por cuenta nuestra con el prop\u00f3sito de seguir la pista de su uso del sitio web, recopilando informes de la actividad del sitio web y prestando otros servicios relacionados con la actividad del sitio web y el uso de Internet. Google podr\u00e1 transmitir dicha informaci\u00f3n a terceros cuando as\u00ed se lo requiera la legislaci\u00f3n, o cuando dichos terceros procesen la informaci\u00f3n por cuenta de Google. Google no asociar\u00e1 su direcci\u00f3n IP con ning\u00fan otro dato del que disponga Google. Puede Usted rechazar el tratamiento de los datos o la informaci\u00f3n rechazando el uso de cookies mediante la selecci\u00f3n de la configuraci\u00f3n apropiada de su navegador, sin embargo, debe Usted saber que si lo hace puede ser que no pueda usar la plena funcionalidad de este sitio web.<\/p>\n<ul>\n<li><b>__utma:<\/b> esta cookie se utiliza para distinguir usuarios y sesiones. Se crea cuando se ejecuta la biblioteca JavaScript y no hay ninguna cookie __utma. La cookie se actualiza cada vez que se env\u00edan datos a Google Analytics. Es una cookie de tipo persistente y tiene un plazo de caducidad de dos a\u00f1os a partir de la configuraci\u00f3n o actualizaci\u00f3n.<\/li>\n<li><b>_ga:<\/b> esta cookie se utiliza para distinguir a los usuarios. Es una cookie de tipo persistente y tiene un plazo de caducidad de dos a\u00f1os.<\/li>\n<li><b>_gid:<\/b> Google Analytics utiliza igualmente esta cookie para distinguir a los usuarios. Tiene una duraci\u00f3n de 24 horas.<\/li>\n<p>Estas cookies se utilizan para recoger informaci\u00f3n sobre c\u00f3mo usan estas p\u00e1ginas web nuestros visitantes. Toda la informaci\u00f3n es recogida de forma an\u00f3nima y puede incluir datos como el navegador que se est\u00e1 utilizando, n\u00famero de p\u00e1ginas vistas. Esta informaci\u00f3n nos ayuda a mejorar esta web y su experiencia al visitarnos.<br \/>\nPara m\u00e1s informaci\u00f3n sobre este tipo de cookies puede consultar los siguientes enlaces: <a href=\"https:\/\/www.google.es\/intl\/es\/policies\/technologies\/types\/\" target=\"_blank\" rel=\"noopener noreferrer\">https:\/\/www.google.es\/intl\/es\/policies\/technologies\/types\/<\/a> y <a href=\"https:\/\/developers.google.com\/analytics\/devguides\/collection\/analyticsjs\/cookie-usage\" target=\"_blank\" rel=\"noopener noreferrer\">https:\/\/developers.google.com\/analytics\/devguides\/collection\/analyticsjs\/cookie-usage<\/a>.\n<\/ul>\n<h3>Configuraci\u00f3n de las cookies<\/h3>\n<p>Le informamos que se puede configurar el navegador para rechazar o aceptar las cookies, o configurar el navegador para que estas cookies se borren autom\u00e1ticamente una vez que se cierre el navegador, equipo o dispositivo.<\/p>\n<p>La configuraci\u00f3n de las cookies en los navegadores principales se realiza de la siguiente forma:<\/p>\n<ul>\n<li>Google Chrome &gt; Configuraci\u00f3n &gt; Mostrar opciones avanzadas &gt; Privacidad &gt; Configuraci\u00f3n de contenido &gt; Cookies.<\/li>\n<li>Firefox &gt; Herramientas &gt; Opciones &gt; Privacidad &gt; Historial &gt; Configuraci\u00f3n personalizada.<\/li>\n<li>Internet Explorer &gt; Herramientas &gt; Opciones de Internet &gt; Privacidad &gt; Avanzada.<\/li>\n<li><a name=\"_GoBack\"><\/a>Safari &gt; Preferencias &gt; Privacidad.<\/li>\n<\/ul>\n<p>Adem\u00e1s hay que tener en cuenta que si comparte contenido del portal web con amigos a trav\u00e9s de redes sociales como Facebook y Twitter, es posible que reciba cookies de esos sitios web. No podemos controlar los ajustes de las cookies de terceros, por lo que le sugerimos que compruebe los sitios web de dichos terceros para obtener m\u00e1s informaci\u00f3n sobre sus cookies y c\u00f3mo gestionarlas.<\/p>\n<h3>Cambios o actualizaciones en nuestras pol\u00edticas sobre cookies<\/h3>\n<p>O\u00d1ATIKO UDALA puede modificar esta Pol\u00edtica de Cookies en funci\u00f3n de exigencias legislativas, reglamentarias, o con la finalidad de adaptar dicha pol\u00edtica a las instrucciones dictadas por la Agencia Espa\u00f1ola de Protecci\u00f3n de Datos; por ello, se aconseja a los Usuarios que la visiten peri\u00f3dicamente.<\/p>\n<p>Cuando se produzcan cambios significativos en esta Pol\u00edtica de Cookies, se comunicar\u00e1n a los Usuarios mediante la web.<\/p>","protected":false},"excerpt":{"rendered":"<p>Aviso legal Titularidad de la p\u00e1gina web Dominio:\u00a0www.o\u00f1atiturismo.eus Titular: O\u00f1atiko Udala Direcci\u00f3n: Foruen Enparantza, 1 Tel\u00e9fono: 943 78 04 11 CIF: P 2006300D Pol\u00edtica de Cookies En cumplimiento con lo establecido en el art\u00edculo 22.2 de la Ley de Servicios de la Sociedad de la Informaci\u00f3n y del Comercio Electr\u00f3nico (LSSI) y en adecuaci\u00f3n con [&hellip;]<\/p>\n","protected":false},"author":1,"featured_media":0,"parent":0,"menu_order":0,"comment_status":"closed","ping_status":"closed","template":"page-templates\/full_width_no_title.php","meta":{"url":"","client":"","location":"","start_date":"","end_date":"","footnotes":""},"class_list":["post-11533","page","type-page","status-publish","hentry"],"_links":{"self":[{"href":"https:\/\/xn--oatiturismo-1db.eus\/es\/wp-json\/wp\/v2\/pages\/11533","targetHints":{"allow":["GET"]}}],"collection":[{"href":"https:\/\/xn--oatiturismo-1db.eus\/es\/wp-json\/wp\/v2\/pages"}],"about":[{"href":"https:\/\/xn--oatiturismo-1db.eus\/es\/wp-json\/wp\/v2\/types\/page"}],"author":[{"embeddable":true,"href":"https:\/\/xn--oatiturismo-1db.eus\/es\/wp-json\/wp\/v2\/users\/1"}],"replies":[{"embeddable":true,"href":"https:\/\/xn--oatiturismo-1db.eus\/es\/wp-json\/wp\/v2\/comments?post=11533"}],"version-history":[{"count":32,"href":"https:\/\/xn--oatiturismo-1db.eus\/es\/wp-json\/wp\/v2\/pages\/11533\/revisions"}],"predecessor-version":[{"id":12503,"href":"https:\/\/xn--oatiturismo-1db.eus\/es\/wp-json\/wp\/v2\/pages\/11533\/revisions\/12503"}],"wp:attachment":[{"href":"https:\/\/xn--oatiturismo-1db.eus\/es\/wp-json\/wp\/v2\/media?parent=11533"}],"curies":[{"name":"wp","href":"https:\/\/api.w.org\/{rel}","templated":true}]}}