{"id":11533,"date":"2016-11-29T15:47:20","date_gmt":"2016-11-29T15:47:20","guid":{"rendered":"http:\/\/www.o\u00f1atiturismo.eus\/politica-de-cookies\/"},"modified":"2020-11-02T11:17:33","modified_gmt":"2020-11-02T11:17:33","slug":"cookie-politika","status":"publish","type":"page","link":"https:\/\/xn--oatiturismo-1db.eus\/fr\/cookie-politika\/","title":{"rendered":"Politique de Cookies"},"content":{"rendered":"<p><\/p>\n<h1><span style=\"color: #ff4d58;\">Avis l\u00e9gal<\/span><\/h1>\n<h3>Propriet\u00e9 du site web<\/h3>\n<p><strong>Domaine<\/strong>:\u00a0<a class=\"external-link\" title=\"\" href=\"http:\/\/www.o\u00f1atiturismo.eus\">www.o\u00f1atiturismo.eus<\/a><br \/>\n<strong>Propi\u00e9taire<\/strong>: O\u00f1atiko Udala<br \/>\n<strong>Addresse<\/strong>: Foruen Enparantza, 1<br \/>\n<strong>T\u00e9l\u00e9phone<\/strong>: 943 78 04 11<br \/>\n<strong>CIF<\/strong>: P 2006300D<\/p>\n<h1><span style=\"color: #ff4d58;\">Politique de Cookies<\/span><\/h1>\n<p style=\"padding-top: 30px;\">Conform\u00e9ment \u00e0 l\u2019article 22.2 de la Loi relative aux Services de l\u2019information et du Commerce \u00c9lectronique et \u00e0 la Directive europ\u00e9enne 2009\/136\/CE, O\u00d1ATIKO UDALA vous informe, et vous acceptez l\u2019utilisation de cookies sur son portail par acceptation expresse r\u00e9alis\u00e9e dans l\u2019avertissement ou par le simple fait de naviguer sur le site.<\/p>\n<h3>D\u00e9finition<\/h3>\n<p>Un \u201cCookie\u201c est un fichier t\u00e9l\u00e9charg\u00e9 sur votre ordinateur lorsque vous acc\u00e9dez \u00e0 certaines pages Internet. Les cookies permettent \u00e0 un site Web, entre autres, de stocker et de r\u00e9cup\u00e9rer des informations sur les habitudes de navigation d\u2019un utilisateur ou de son ordinateur et ils peuvent servir \u00e0 reconna\u00eetre l\u2019utilisateur.<\/p>\n<h3>Typologie des cookies<\/h3>\n<h4>Selon l\u2019organisme qui les traite:<\/h4>\n<ul>\n<li><b>Cookies propres:<\/b> il s\u2019agit des cookies envoy\u00e9s au terminal de l\u2019utilisateur depuis un appareil ou un domaine g\u00e9r\u00e9 par l\u2019\u00e9diteur lui-m\u00eame, au travers duquel est pr\u00eat\u00e9 le service demand\u00e9 par l\u2019utilisateur.<\/li>\n<li><b>Cookies de tiers:<\/b> il s\u2019agit des cookies envoy\u00e9s au terminal de l\u2019utilisateur depuis un appareil qui n\u2019est pas g\u00e9r\u00e9 par l\u2019\u00e9diteur, mais par un autre organisme qui traite les donn\u00e9es obtenues par le biais des cookies.<\/li>\n<\/ul>\n<h4>Selon la p\u00e9riode pendant laquelle ils sont actifs:<\/h4>\n<ul>\n<li><b>Cookies de session:<\/b> il s\u2019agit d\u2019un type de cookies con\u00e7us pour collecter et stocker des donn\u00e9es pendant que l\u2019utilisateur entre sur un site Web.<\/li>\n<li><b>Cookies persistants:<\/b> il s\u2019agit d\u2019un type de cookies o\u00f9 les donn\u00e9es sont stock\u00e9es dans le terminal et peuvent \u00eatre trait\u00e9es pendant une p\u00e9riode d\u00e9termin\u00e9e, par le responsable du cookie.<\/li>\n<\/ul>\n<h4>Selon leur finalit\u00e9:<\/h4>\n<ul>\n<li><b>Cookies techniques:<\/b> il s\u2019agit des cookies qui permettent \u00e0 l\u2019utilisateur la navigation au travers d\u2019un site Web, une plate-forme ou une application, et l\u2019utilisation des diff\u00e9rentes options ou services existants. Tels que, contr\u00f4ler le trafic et la communication des donn\u00e9es, identifier la session, acc\u00e9der aux parties dont l\u2019acc\u00e8s est restreint, enregistrer les \u00e9l\u00e9ments qui composent une commande, r\u00e9aliser la demande d\u2019inscription ou de participation \u00e0 un \u00e9v\u00e8nement, utiliser des \u00e9l\u00e9ments de s\u00e9curit\u00e9 pendant la navigation, stocker des contenus pour la diffusion de vid\u00e9os ou de sons, ou partager des contenus via les r\u00e9seaux sociaux.<\/li>\n<li><b>Cookies de personnalisation:<\/b> il s\u2019agit des cookies qui permettent \u00e0 l\u2019utilisateur d\u2019acc\u00e9der au service avec certaines caract\u00e9ristiques de caract\u00e8re g\u00e9n\u00e9ral pr\u00e9d\u00e9finies, en fonction d\u2019une s\u00e9rie de crit\u00e8res sur le terminal de l\u2019utilisateur. Comme par exemple, la langue, le type de navigateur utilis\u00e9 pour acc\u00e9der au service, la conception de contenus s\u00e9lectionn\u00e9e, la g\u00e9olocalisation du terminal et la configuration r\u00e9gionale d\u2019o\u00f9 l\u2019on acc\u00e8de au service, etc.<\/li>\n<li><b>Cookies d\u2019analyses:<\/b> il s\u2019agit des cookies qui permettent \u00e0 leur responsable de suivre et d\u2019analyser le comportement des utilisateurs des sites web. L\u2019information collect\u00e9e au travers de ce type de cookies est utilis\u00e9e pour mesurer l\u2019activit\u00e9 des sites web, l\u2019application ou la plate-forme et pour \u00e9laborer des profils de navigation des utilisateurs desdits sites, en vue d\u2019y introduire des am\u00e9liorations, en fonction de l\u2019analyse des donn\u00e9es sur l\u2019utilisation que les utilisateurs font du service.<\/li>\n<li><b>Cookies publicitaires:<\/b> il s\u2019agit des cookies qui permettent de g\u00e9rer le plus efficacement possible, les espaces publicitaires inclus sur la page Internet ou application au travers de laquelle il pr\u00eate le service demand\u00e9, en se basant sur des crit\u00e8res tels que le contenu \u00e9dit\u00e9 ou la fr\u00e9quence des publicit\u00e9s.<\/li>\n<li><b>Cookies de publicit\u00e9 comportementale:<\/b> il s\u2019agit des cookies qui permettent de g\u00e9rer le plus efficacement possible, les espaces publicitaires que l\u2019\u00e9diteur a inclus, s\u2019il y a lieu, sur la page Internet, l\u2019application ou la plate-forme au travers de laquelle il pr\u00eate le service demand\u00e9. Ces cookies stockent des informations sur le comportement des utilisateurs, obtenues en observant en permanence les habitudes de navigation, ce qui permet de d\u00e9velopper un profil sp\u00e9cifique et de montrer la publicit\u00e9 en fonction de celui-ci.<\/li>\n<\/ul>\n<h3>Cookies utilis\u00e9s sur notre site Web<\/h3>\n<h4>Cookies WordPress<\/h4>\n<ul>\n<li><b>wordpress_test_cookie, cookie_notice_accepted:<\/b> cookie technique et n\u00e9cessaire qui enregistre des informations sur l&#8217;acceptation ou le consentement de l&#8217;utilisation de cookies conform\u00e9ment \u00e0 la s\u00e9lection effectu\u00e9e afin qu&#8217;il ne soit plus affich\u00e9 \u00e0 chaque fois que vous acc\u00e9dez au site Web. La dur\u00e9e est de 1 semaine.<\/li>\n<li><b>wp-settings-time-, wp-settings-:<\/b> ces cookies sont utilis\u00e9s par WordPress pour personnaliser l&#8217;interface utilisateur. La dur\u00e9e est de 1 an.<\/li>\n<li><b>wordpress_logged_in_:<\/b> apr\u00e8s la connexion, WordPress active le cookie wordpress_logged_in_, dont la fonction est d&#8217;indiquer quand il a \u00e9t\u00e9 connect\u00e9 et qui il est, utilis\u00e9 par l&#8217;interface WordPress. La dur\u00e9e est par session.<\/li>\n<\/ul>\n<h4>Google Analytics<\/h4>\n<p>Google Analytics est un service d&#8217;analyse Web fourni par Google, Inc., une soci\u00e9t\u00e9 du Delaware dont le si\u00e8ge social est situ\u00e9 au 1600 Amphitheatre Parkway, Mountain View (Californie), CA 94043, \u00c9tats-Unis (\u00abGoogle\u00bb). Google Analytics utilise des \u00abcookies\u00bb, qui sont des fichiers texte plac\u00e9s sur votre ordinateur, pour aider le site Web \u00e0 analyser l&#8217;utilisation du site Web par les utilisateurs. Les informations g\u00e9n\u00e9r\u00e9es par le cookie concernant votre utilisation du site (y compris votre adresse IP) seront directement transmises et d\u00e9pos\u00e9es par Google sur des serveurs aux \u00c9tats-Unis. Google utilisera ces informations en notre nom dans le but de suivre votre utilisation du site Web, de compiler des rapports sur l&#8217;activit\u00e9 du site Web et de fournir d&#8217;autres services li\u00e9s \u00e0 l&#8217;activit\u00e9 du site Web et \u00e0 l&#8217;utilisation d&#8217;Internet. Google peut transmettre ces informations \u00e0 des tiers lorsque la loi l&#8217;exige, ou lorsque ces tiers traitent les informations pour le compte de Google. Google n&#8217;associera votre adresse IP \u00e0 aucune autre donn\u00e9e dont Google dispose. Vous pouvez refuser le traitement des donn\u00e9es ou des informations en refusant l&#8217;utilisation de cookies en s\u00e9lectionnant les param\u00e8tres appropri\u00e9s de votre navigateur, mais sachez que si vous le faites, vous ne pourrez peut-\u00eatre pas utiliser toutes les fonctionnalit\u00e9s de ce site Web.<\/p>\n<ul>\n<li><b>__utma:<\/b> ce cookie est utilis\u00e9 pour distinguer les utilisateurs et les sessions. Cr\u00e9\u00e9 lorsque la biblioth\u00e8que JavaScript s&#8217;ex\u00e9cute et qu&#8217;il n&#8217;y a pas de cookie __utma. Le cookie est mis \u00e0 jour chaque fois que des donn\u00e9es sont envoy\u00e9es \u00e0 Google Analytics. C&#8217;est un cookie persistant et a une p\u00e9riode d&#8217;expiration de deux ans \u00e0 compter de la configuration ou de la mise \u00e0 jour.<\/li>\n<li><b>_ga:<\/b> ce cookie est utilis\u00e9 pour distinguer les utilisateurs. Il s&#8217;agit d&#8217;un cookie persistant et a une p\u00e9riode d&#8217;expiration de deux ans.<\/li>\n<li><b>_gid:<\/b> Google Analytics utilise \u00e9galement ce cookie pour distinguer les utilisateurs. \u00c7a dure 24 heures.<\/li>\n<p>Ces cookies sont utilis\u00e9s pour collecter des informations sur la mani\u00e8re dont nos visiteurs utilisent ces pages Web. Toutes les informations sont collect\u00e9es de mani\u00e8re anonyme et peuvent inclure des donn\u00e9es telles que le navigateur utilis\u00e9, le nombre de pages vues. Ces informations nous aident \u00e0 am\u00e9liorer ce site Web et votre exp\u00e9rience lorsque vous nous visitez.<br \/>\nPour plus d&#8217;informations sur ce type de cookies, vous pouvez consulter les liens suivants: <a href=\"https:\/\/www.google.es\/intl\/es\/policies\/technologies\/types\/\" target=\"_blank\" rel=\"noopener noreferrer\">https:\/\/www.google.es\/intl\/es\/policies\/technologies\/types\/<\/a> y <a href=\"https:\/\/developers.google.com\/analytics\/devguides\/collection\/analyticsjs\/cookie-usage\" target=\"_blank\" rel=\"noopener noreferrer\">https:\/\/developers.google.com\/analytics\/devguides\/collection\/analyticsjs\/cookie-usage<\/a>.\n<\/ul>\n<h3>Configuration des cookies<\/h3>\n<p>Nous vous informons que vous pouvez configurer votre navigateur pour refuser ou accepter les cookies ou configurer le navigateur pour que ces cookies s\u2019effacent automatiquement lors de la fermeture du navigateur, appareil ou dispositif.<\/p>\n<p>Pour configurer les cookies sur les principaux navigateurs, proc\u00e9dez comme suit:<\/p>\n<ul>\n<li>Google Chrome &gt; Configuration &gt; Afficher les options avanc\u00e9es &gt; Confidentialit\u00e9 &gt; Configuration de contenu &gt; Cookies.<\/li>\n<li>Firefox &gt; Outils &gt; Options &gt; Confidentialit\u00e9 &gt; Historique &gt; Configuration personnalis\u00e9e.<\/li>\n<li>Internet Explorer &gt; Outils &gt; Options d\u2019Internet &gt; Confidentialit\u00e9 &gt; Avanc\u00e9e.<\/li>\n<li><a name=\"_GoBack\"><\/a>Safari &gt; Pr\u00e9f\u00e9rences &gt; Confidentialit\u00e9.<\/li>\n<\/ul>\n<p>Nous vous rappelons que si vous partagez le contenu du portail Web avec vos amis par le biais des r\u00e9seaux sociaux tels que Facebook et Twitter, il est possible que vous receviez des cookies de ces sites web. Nous ne pouvons pas contr\u00f4ler les r\u00e9glages des cookies de tiers, aussi nous vous invitons \u00e0 v\u00e9rifier les sites Web de tiers pour obtenir de plus amples informations sur ces cookies et sur la fa\u00e7on de les traiter.<\/p>\n<h3>Modifications ou mises \u00e0 jour de nos politiques de cookies<\/h3>\n<p>O\u00d1ATIKO UDALA peut modifier cette politique de Cookies en fonction des exigences l\u00e9gislatives r\u00e9glementaires, ou en vue de l\u2019adapter aux instructions dict\u00e9es par l\u2019Agence Espagnole de Protection des Donn\u00e9es, aussi les utilisateurs sont invit\u00e9s \u00e0 la consulter r\u00e9guli\u00e8rement.<\/p>\n<p>En cas de changements importants dans cette Politique de Cookies, ceux-ci seront communiqu\u00e9s aux Utilisateurs sur le site web.<\/p>","protected":false},"excerpt":{"rendered":"<p>Avis l\u00e9gal Propriet\u00e9 du site web Domaine:\u00a0www.o\u00f1atiturismo.eus Propi\u00e9taire: O\u00f1atiko Udala Addresse: Foruen Enparantza, 1 T\u00e9l\u00e9phone: 943 78 04 11 CIF: P 2006300D Politique de Cookies Conform\u00e9ment \u00e0 l\u2019article 22.2 de la Loi relative aux Services de l\u2019information et du Commerce \u00c9lectronique et \u00e0 la Directive europ\u00e9enne 2009\/136\/CE, O\u00d1ATIKO UDALA vous informe, et vous acceptez l\u2019utilisation [&hellip;]<\/p>\n","protected":false},"author":1,"featured_media":0,"parent":0,"menu_order":0,"comment_status":"closed","ping_status":"closed","template":"page-templates\/full_width_no_title.php","meta":{"url":"","client":"","location":"","start_date":"","end_date":"","footnotes":""},"class_list":["post-11533","page","type-page","status-publish","hentry"],"_links":{"self":[{"href":"https:\/\/xn--oatiturismo-1db.eus\/fr\/wp-json\/wp\/v2\/pages\/11533","targetHints":{"allow":["GET"]}}],"collection":[{"href":"https:\/\/xn--oatiturismo-1db.eus\/fr\/wp-json\/wp\/v2\/pages"}],"about":[{"href":"https:\/\/xn--oatiturismo-1db.eus\/fr\/wp-json\/wp\/v2\/types\/page"}],"author":[{"embeddable":true,"href":"https:\/\/xn--oatiturismo-1db.eus\/fr\/wp-json\/wp\/v2\/users\/1"}],"replies":[{"embeddable":true,"href":"https:\/\/xn--oatiturismo-1db.eus\/fr\/wp-json\/wp\/v2\/comments?post=11533"}],"version-history":[{"count":32,"href":"https:\/\/xn--oatiturismo-1db.eus\/fr\/wp-json\/wp\/v2\/pages\/11533\/revisions"}],"predecessor-version":[{"id":12503,"href":"https:\/\/xn--oatiturismo-1db.eus\/fr\/wp-json\/wp\/v2\/pages\/11533\/revisions\/12503"}],"wp:attachment":[{"href":"https:\/\/xn--oatiturismo-1db.eus\/fr\/wp-json\/wp\/v2\/media?parent=11533"}],"curies":[{"name":"wp","href":"https:\/\/api.w.org\/{rel}","templated":true}]}}